{"id":75,"date":"2023-03-24T06:55:22","date_gmt":"2023-03-24T06:55:22","guid":{"rendered":"https:\/\/cozystay.loftocean.com\/mountain-chalet\/?page_id=75"},"modified":"2026-04-25T19:49:14","modified_gmt":"2026-04-25T19:49:14","slug":"iletisim","status":"publish","type":"page","link":"https:\/\/goldenhornbosphorushotel.com\/tr\/iletisim\/","title":{"rendered":"\u0130leti\u015fim"},"content":{"rendered":"\t\t<div data-elementor-type=\"wp-page\" data-elementor-id=\"75\" class=\"elementor elementor-75\">\n\t\t\t\t\t\t<section class=\"elementor-section elementor-top-section elementor-element elementor-element-29247c7 elementor-section-full_width elementor-section-height-default elementor-section-height-default\" data-id=\"29247c7\" data-element_type=\"section\" data-e-type=\"section\">\n\t\t\t\t\t\t<div class=\"elementor-container elementor-column-gap-no\">\n\t\t\t\t\t<div class=\"elementor-column elementor-col-100 elementor-top-column elementor-element elementor-element-ee27c5e\" data-id=\"ee27c5e\" data-element_type=\"column\" data-e-type=\"column\">\n\t\t\t<div class=\"elementor-widget-wrap elementor-element-populated\">\n\t\t\t\t\t\t<div class=\"elementor-element elementor-element-520d085 elementor-widget elementor-widget-html\" data-id=\"520d085\" data-element_type=\"widget\" data-e-type=\"widget\" data-widget_type=\"html.default\">\n\t\t\t\t<div class=\"elementor-widget-container\">\n\t\t\t\t\t<iframe src=\"https:\/\/snazzymaps.com\/embed\/633840\" width=\"100%\" height=\"450px\" style=\"border:none;\"><\/iframe>\t\t\t\t<\/div>\n\t\t\t\t<\/div>\n\t\t\t\t\t<\/div>\n\t\t<\/div>\n\t\t\t\t\t<\/div>\n\t\t<\/section>\n\t\t\t\t<section class=\"elementor-section elementor-top-section elementor-element elementor-element-44764146 elementor-section-boxed elementor-section-height-default elementor-section-height-default\" data-id=\"44764146\" data-element_type=\"section\" data-e-type=\"section\" data-settings=\"{&quot;background_background&quot;:&quot;classic&quot;}\">\n\t\t\t\t\t\t<div class=\"elementor-container elementor-column-gap-no\">\n\t\t\t\t\t<div class=\"elementor-column elementor-col-50 elementor-top-column elementor-element elementor-element-43c4a1ad\" data-id=\"43c4a1ad\" data-element_type=\"column\" data-e-type=\"column\" data-settings=\"{&quot;background_background&quot;:&quot;classic&quot;}\">\n\t\t\t<div class=\"elementor-widget-wrap elementor-element-populated\">\n\t\t\t\t\t\t<div class=\"elementor-element elementor-element-cff3136 elementor-widget elementor-widget-image\" data-id=\"cff3136\" data-element_type=\"widget\" data-e-type=\"widget\" data-widget_type=\"image.default\">\n\t\t\t\t<div class=\"elementor-widget-container\">\n\t\t\t\t\t\t\t\t\t\t\t\t\t\t\t<img fetchpriority=\"high\" decoding=\"async\" width=\"768\" height=\"1024\" src=\"https:\/\/goldenhornbosphorushotel.com\/tr\/wp-content\/uploads\/2026\/04\/WhatsApp-Gorsel-2024-07-04-saat-14.25.35_58aafa4b-1152x1536-1-768x1024.jpg\" class=\"attachment-large size-large wp-image-3595\" alt=\"\" srcset=\"https:\/\/goldenhornbosphorushotel.com\/tr\/wp-content\/uploads\/2026\/04\/WhatsApp-Gorsel-2024-07-04-saat-14.25.35_58aafa4b-1152x1536-1-768x1024.jpg 768w, https:\/\/goldenhornbosphorushotel.com\/tr\/wp-content\/uploads\/2026\/04\/WhatsApp-Gorsel-2024-07-04-saat-14.25.35_58aafa4b-1152x1536-1-225x300.jpg 225w, https:\/\/goldenhornbosphorushotel.com\/tr\/wp-content\/uploads\/2026\/04\/WhatsApp-Gorsel-2024-07-04-saat-14.25.35_58aafa4b-1152x1536-1-780x1040.jpg 780w, https:\/\/goldenhornbosphorushotel.com\/tr\/wp-content\/uploads\/2026\/04\/WhatsApp-Gorsel-2024-07-04-saat-14.25.35_58aafa4b-1152x1536-1-600x800.jpg 600w, https:\/\/goldenhornbosphorushotel.com\/tr\/wp-content\/uploads\/2026\/04\/WhatsApp-Gorsel-2024-07-04-saat-14.25.35_58aafa4b-1152x1536-1-550x733.jpg 550w, https:\/\/goldenhornbosphorushotel.com\/tr\/wp-content\/uploads\/2026\/04\/WhatsApp-Gorsel-2024-07-04-saat-14.25.35_58aafa4b-1152x1536-1-370x493.jpg 370w, https:\/\/goldenhornbosphorushotel.com\/tr\/wp-content\/uploads\/2026\/04\/WhatsApp-Gorsel-2024-07-04-saat-14.25.35_58aafa4b-1152x1536-1-255x340.jpg 255w, https:\/\/goldenhornbosphorushotel.com\/tr\/wp-content\/uploads\/2026\/04\/WhatsApp-Gorsel-2024-07-04-saat-14.25.35_58aafa4b-1152x1536-1-113x150.jpg 113w, https:\/\/goldenhornbosphorushotel.com\/tr\/wp-content\/uploads\/2026\/04\/WhatsApp-Gorsel-2024-07-04-saat-14.25.35_58aafa4b-1152x1536-1.jpg 1152w\" sizes=\"(max-width: 768px) 100vw, 768px\" \/>\t\t\t\t\t\t\t\t\t\t\t\t\t\t\t<\/div>\n\t\t\t\t<\/div>\n\t\t\t\t<div class=\"elementor-element elementor-element-2445f4fc elementor-widget elementor-widget-spacer\" data-id=\"2445f4fc\" data-element_type=\"widget\" data-e-type=\"widget\" data-widget_type=\"spacer.default\">\n\t\t\t\t<div class=\"elementor-widget-container\">\n\t\t\t\t\t\t\t<div class=\"elementor-spacer\">\n\t\t\t<div class=\"elementor-spacer-inner\"><\/div>\n\t\t<\/div>\n\t\t\t\t\t\t<\/div>\n\t\t\t\t<\/div>\n\t\t\t\t\t<\/div>\n\t\t<\/div>\n\t\t\t\t<div class=\"elementor-column elementor-col-50 elementor-top-column elementor-element elementor-element-4c1eb2f5\" data-id=\"4c1eb2f5\" data-element_type=\"column\" data-e-type=\"column\" data-settings=\"{&quot;background_background&quot;:&quot;classic&quot;}\">\n\t\t\t<div class=\"elementor-widget-wrap elementor-element-populated\">\n\t\t\t\t\t\t<div class=\"elementor-element elementor-element-36722586 elementor-widget elementor-widget-cs_title\" data-id=\"36722586\" data-element_type=\"widget\" data-e-type=\"widget\" data-widget_type=\"cs_title.default\">\n\t\t\t\t<div class=\"elementor-widget-container\">\n\t\t\t\t\t\n        <div class=\"cs-title-wrap\">\t            <h6 class=\"cs-title\">\n\t                \u0130leti\u015fim bilgileri\t            <\/h6>        <\/div>\t\t\t\t<\/div>\n\t\t\t\t<\/div>\n\t\t\t\t<div class=\"elementor-element elementor-element-29601437 elementor-widget elementor-widget-cs_title\" data-id=\"29601437\" data-element_type=\"widget\" data-e-type=\"widget\" data-widget_type=\"cs_title.default\">\n\t\t\t\t<div class=\"elementor-widget-container\">\n\t\t\t\t\t\n        <div class=\"cs-title-wrap\">\t            <h6 class=\"cs-title\">\n\t                Bize Ula\u015f\u0131n\t            <\/h6>        <\/div>\t\t\t\t<\/div>\n\t\t\t\t<\/div>\n\t\t\t\t<div class=\"elementor-element elementor-element-8c51fe1 elementor-widget elementor-widget-cs_list\" data-id=\"8c51fe1\" data-element_type=\"widget\" data-e-type=\"widget\" data-widget_type=\"cs_list.default\">\n\t\t\t\t<div class=\"elementor-widget-container\">\n\t\t\t\t\t\n            <ul class=\"cs-list cs-list-type-none with-border\">                <li>                    <span class=\"list-content\">Hocapa\u015fa mah. \u0130stasyon Arkas\u0131 Sok, No:9 Sirkeci, Fatih, Istanbul, Turkey 34112<\/span>                <\/li>                <li>                    <span class=\"list-content\">Telefon: +90 212 514 15 44<\/span>                        <a class=\"list-link\" href=\"tel:+902125141544\"><\/a>                <\/li>                <li>                    <span class=\"list-content\">Mobil:  +90 540 514 15 44<\/span>                        <a class=\"list-link\" href=\"tel:+905405141544\"><\/a>                <\/li>                <li>                    <span class=\"list-content\">Email: info@goldenhornbosphorushotel.com<\/span>                        <a class=\"list-link\" href=\"mailto:info@goldenhornbosphorushotel.com\"><\/a>                <\/li>            <\/ul>\t\t\t\t<\/div>\n\t\t\t\t<\/div>\n\t\t\t\t<div class=\"elementor-element elementor-element-798ea157 elementor-widget elementor-widget-cs_form_cf7\" data-id=\"798ea157\" data-element_type=\"widget\" data-e-type=\"widget\" data-widget_type=\"cs_form_cf7.default\">\n\t\t\t\t<div class=\"elementor-widget-container\">\n\t\t\t\t\t            <div class=\"cs-form-cf7 placeholder-normal\">\n                <div class=\"cs-form-cf7-wrap\">\n<div class=\"wpcf7 no-js\" id=\"wpcf7-f7-o1\" lang=\"tr-TR\" dir=\"ltr\">\n<div class=\"screen-reader-response\"><p role=\"status\" aria-live=\"polite\" aria-atomic=\"true\"><\/p> <ul><\/ul><\/div>\n<form action=\"\/tr\/wp-json\/wp\/v2\/pages\/75#wpcf7-f7-o1\" method=\"post\" class=\"wpcf7-form init\" aria-label=\"\u0130leti\u015fim Formu\" novalidate=\"novalidate\" data-status=\"init\">\n<div style=\"display: none;\">\n<input type=\"hidden\" name=\"_wpcf7\" value=\"7\" \/>\n<input type=\"hidden\" name=\"_wpcf7_version\" value=\"5.9.8\" \/>\n<input type=\"hidden\" name=\"_wpcf7_locale\" value=\"tr_TR\" \/>\n<input type=\"hidden\" name=\"_wpcf7_unit_tag\" value=\"wpcf7-f7-o1\" \/>\n<input type=\"hidden\" name=\"_wpcf7_container_post\" value=\"0\" \/>\n<input type=\"hidden\" name=\"_wpcf7_posted_data_hash\" value=\"\" \/>\n<\/div>\n<p><label> Ad\u0131n\u0131z Soyad\u0131n\u0131z<br \/>\n<span class=\"wpcf7-form-control-wrap\" data-name=\"your-name\"><input size=\"40\" maxlength=\"400\" class=\"wpcf7-form-control wpcf7-text wpcf7-validates-as-required\" autocomplete=\"name\" aria-required=\"true\" aria-invalid=\"false\" value=\"\" type=\"text\" name=\"your-name\" \/><\/span> <\/label>\n<\/p>\n<p><label> E Mail Adresiniz<br \/>\n<span class=\"wpcf7-form-control-wrap\" data-name=\"your-email\"><input size=\"40\" maxlength=\"400\" class=\"wpcf7-form-control wpcf7-email wpcf7-validates-as-required wpcf7-text wpcf7-validates-as-email\" autocomplete=\"email\" aria-required=\"true\" aria-invalid=\"false\" value=\"\" type=\"email\" name=\"your-email\" \/><\/span> <\/label>\n<\/p>\n<p><label> Konu<br \/>\n<span class=\"wpcf7-form-control-wrap\" data-name=\"your-subject\"><input size=\"40\" maxlength=\"400\" class=\"wpcf7-form-control wpcf7-text wpcf7-validates-as-required\" aria-required=\"true\" aria-invalid=\"false\" value=\"\" type=\"text\" name=\"your-subject\" \/><\/span> <\/label>\n<\/p>\n<p><label> Mesaj\u0131n\u0131z (Opsiyonel)<br \/>\n<span class=\"wpcf7-form-control-wrap\" data-name=\"your-message\"><textarea cols=\"40\" rows=\"10\" maxlength=\"2000\" class=\"wpcf7-form-control wpcf7-textarea\" aria-invalid=\"false\" name=\"your-message\"><\/textarea><\/span> <\/label>\n<\/p>\n<p><input class=\"wpcf7-form-control wpcf7-submit has-spinner\" type=\"submit\" value=\"G\u00f6nder\" \/>\n<\/p><div class=\"wpcf7-response-output\" aria-hidden=\"true\"><\/div>\n<\/form>\n<\/div>\n<\/div>\n            <\/div>\t\t\t\t<\/div>\n\t\t\t\t<\/div>\n\t\t\t\t\t<\/div>\n\t\t<\/div>\n\t\t\t\t\t<\/div>\n\t\t<\/section>\n\t\t\t\t<\/div>\n\t\t","protected":false},"excerpt":{"rendered":"<p>\u0130leti\u015fim bilgileri Bize Ula\u015f\u0131n Hocapa\u015fa mah. \u0130stasyon Arkas\u0131 Sok, No:9 Sirkeci, Fatih, Istanbul, Turkey 34112 Telefon: +90 212 514 15 44 Mobil: +90 540 514 15 44 Email: info@goldenhornbosphorushotel.com Ad\u0131n\u0131z Soyad\u0131n\u0131z E Mail Adresiniz Konu Mesaj\u0131n\u0131z (Opsiyonel)<\/p>\n","protected":false},"author":1,"featured_media":0,"parent":0,"menu_order":0,"comment_status":"closed","ping_status":"closed","template":"template-wide-content.php","meta":{"cozystay_single_page_hide_site_header":"","cozystay_single_page_site_header_source":"","cozystay_single_page_custom_site_header":"0","cozystay_single_page_custom_sticky_site_header":"0","cozystay_single_page_hide_page_title":"on","cozystay_single_page_header_section_size":"","cozystay_single_page_header_background_color":"","cozystay_single_page_header_background_position_x":"center","cozystay_single_page_header_background_position_y":"center","cozystay_single_page_header_background_size":"cover","cozystay_single_page_header_background_repeat":"off","cozystay_single_page_header_background_scroll":"on","cozystay_single_page_header_text_color":"","cozystay_single_page_header_show_breadcrumb":"","cozystay_single_page_site_footer_hide_main":"","cozystay_single_custom_site_footer_main_source":"","cozystay_single_custom_site_footer_main":"0","cozystay_single_page_site_footer_hide_above":"","cozystay_single_custom_site_footer_above_source":"","cozystay_single_custom_site_footer_above":"0","cozystay_single_page_site_footer_hide_instagram":"","cozystay_single_page_site_footer_hide_bottom":"","cozystay_single_custom_mobile_menu_source":"","cozystay_single_custom_mobile_menu":"0","cozystay_single_custom_mobile_menu_animation":"","cozystay_single_custom_mobile_menu_width":"","cozystay_single_custom_mobile_menu_custom_width":375,"footnotes":""},"class_list":["post-75","page","type-page","status-publish","hentry"],"yoast_head":"<!-- This site is optimized with the Yoast SEO plugin v23.3 - https:\/\/yoast.com\/wordpress\/plugins\/seo\/ -->\n<title>\u0130leti\u015fim - Golden Horn Bosphorus Hotel<\/title>\n<meta name=\"robots\" content=\"index, follow, max-snippet:-1, max-image-preview:large, max-video-preview:-1\" \/>\n<link rel=\"canonical\" href=\"https:\/\/goldenhornbosphorushotel.com\/tr\/iletisim\/\" \/>\n<meta property=\"og:locale\" content=\"tr_TR\" \/>\n<meta property=\"og:type\" content=\"article\" \/>\n<meta property=\"og:title\" content=\"\u0130leti\u015fim - Golden Horn Bosphorus Hotel\" \/>\n<meta property=\"og:description\" content=\"\u0130leti\u015fim bilgileri Bize Ula\u015f\u0131n Hocapa\u015fa mah. \u0130stasyon Arkas\u0131 Sok, No:9 Sirkeci, Fatih, Istanbul, Turkey 34112 Telefon: +90 212 514 15 44 Mobil: +90 540 514 15 44 Email: info@goldenhornbosphorushotel.com Ad\u0131n\u0131z Soyad\u0131n\u0131z E Mail Adresiniz Konu Mesaj\u0131n\u0131z (Opsiyonel)\" \/>\n<meta property=\"og:url\" content=\"https:\/\/goldenhornbosphorushotel.com\/tr\/iletisim\/\" \/>\n<meta property=\"og:site_name\" content=\"Golden Horn Bosphorus Hotel\" \/>\n<meta property=\"article:modified_time\" content=\"2026-04-25T19:49:14+00:00\" \/>\n<meta property=\"og:image\" content=\"https:\/\/goldenhornbosphorushotel.com\/tr\/wp-content\/uploads\/2026\/04\/WhatsApp-Gorsel-2024-07-04-saat-14.25.35_58aafa4b-1152x1536-1-768x1024.jpg\" \/>\n<meta name=\"twitter:card\" content=\"summary_large_image\" \/>\n<meta name=\"twitter:label1\" content=\"Tahmini okuma s\u00fcresi\" \/>\n\t<meta name=\"twitter:data1\" content=\"1 dakika\" \/>\n<script type=\"application\/ld+json\" class=\"yoast-schema-graph\">{\"@context\":\"https:\/\/schema.org\",\"@graph\":[{\"@type\":\"WebPage\",\"@id\":\"https:\/\/goldenhornbosphorushotel.com\/tr\/iletisim\/\",\"url\":\"https:\/\/goldenhornbosphorushotel.com\/tr\/iletisim\/\",\"name\":\"\u0130leti\u015fim - Golden Horn Bosphorus Hotel\",\"isPartOf\":{\"@id\":\"https:\/\/goldenhornbosphorushotel.com\/tr\/#website\"},\"primaryImageOfPage\":{\"@id\":\"https:\/\/goldenhornbosphorushotel.com\/tr\/iletisim\/#primaryimage\"},\"image\":{\"@id\":\"https:\/\/goldenhornbosphorushotel.com\/tr\/iletisim\/#primaryimage\"},\"thumbnailUrl\":\"https:\/\/goldenhornbosphorushotel.com\/tr\/wp-content\/uploads\/2026\/04\/WhatsApp-Gorsel-2024-07-04-saat-14.25.35_58aafa4b-1152x1536-1-768x1024.jpg\",\"datePublished\":\"2023-03-24T06:55:22+00:00\",\"dateModified\":\"2026-04-25T19:49:14+00:00\",\"breadcrumb\":{\"@id\":\"https:\/\/goldenhornbosphorushotel.com\/tr\/iletisim\/#breadcrumb\"},\"inLanguage\":\"tr\",\"potentialAction\":[{\"@type\":\"ReadAction\",\"target\":[\"https:\/\/goldenhornbosphorushotel.com\/tr\/iletisim\/\"]}]},{\"@type\":\"ImageObject\",\"inLanguage\":\"tr\",\"@id\":\"https:\/\/goldenhornbosphorushotel.com\/tr\/iletisim\/#primaryimage\",\"url\":\"https:\/\/goldenhornbosphorushotel.com\/tr\/wp-content\/uploads\/2026\/04\/WhatsApp-Gorsel-2024-07-04-saat-14.25.35_58aafa4b-1152x1536-1.jpg\",\"contentUrl\":\"https:\/\/goldenhornbosphorushotel.com\/tr\/wp-content\/uploads\/2026\/04\/WhatsApp-Gorsel-2024-07-04-saat-14.25.35_58aafa4b-1152x1536-1.jpg\",\"width\":1152,\"height\":1536},{\"@type\":\"BreadcrumbList\",\"@id\":\"https:\/\/goldenhornbosphorushotel.com\/tr\/iletisim\/#breadcrumb\",\"itemListElement\":[{\"@type\":\"ListItem\",\"position\":1,\"name\":\"Home\",\"item\":\"https:\/\/goldenhornbosphorushotel.com\/tr\/\"},{\"@type\":\"ListItem\",\"position\":2,\"name\":\"\u0130leti\u015fim\"}]},{\"@type\":\"WebSite\",\"@id\":\"https:\/\/goldenhornbosphorushotel.com\/tr\/#website\",\"url\":\"https:\/\/goldenhornbosphorushotel.com\/tr\/\",\"name\":\"Golden Horn Bosphorus Hotel\",\"description\":\"Bo\u011faz manzaras\u0131yla benzersiz konumda bir otel\",\"potentialAction\":[{\"@type\":\"SearchAction\",\"target\":{\"@type\":\"EntryPoint\",\"urlTemplate\":\"https:\/\/goldenhornbosphorushotel.com\/tr\/?s={search_term_string}\"},\"query-input\":\"required name=search_term_string\"}],\"inLanguage\":\"tr\"}]}<\/script>\n<!-- \/ Yoast SEO plugin. -->","yoast_head_json":{"title":"\u0130leti\u015fim - Golden Horn Bosphorus Hotel","robots":{"index":"index","follow":"follow","max-snippet":"max-snippet:-1","max-image-preview":"max-image-preview:large","max-video-preview":"max-video-preview:-1"},"canonical":"https:\/\/goldenhornbosphorushotel.com\/tr\/iletisim\/","og_locale":"tr_TR","og_type":"article","og_title":"\u0130leti\u015fim - Golden Horn Bosphorus Hotel","og_description":"\u0130leti\u015fim bilgileri Bize Ula\u015f\u0131n Hocapa\u015fa mah. \u0130stasyon Arkas\u0131 Sok, No:9 Sirkeci, Fatih, Istanbul, Turkey 34112 Telefon: +90 212 514 15 44 Mobil: +90 540 514 15 44 Email: info@goldenhornbosphorushotel.com Ad\u0131n\u0131z Soyad\u0131n\u0131z E Mail Adresiniz Konu Mesaj\u0131n\u0131z (Opsiyonel)","og_url":"https:\/\/goldenhornbosphorushotel.com\/tr\/iletisim\/","og_site_name":"Golden Horn Bosphorus Hotel","article_modified_time":"2026-04-25T19:49:14+00:00","og_image":[{"url":"https:\/\/goldenhornbosphorushotel.com\/tr\/wp-content\/uploads\/2026\/04\/WhatsApp-Gorsel-2024-07-04-saat-14.25.35_58aafa4b-1152x1536-1-768x1024.jpg"}],"twitter_card":"summary_large_image","twitter_misc":{"Tahmini okuma s\u00fcresi":"1 dakika"},"schema":{"@context":"https:\/\/schema.org","@graph":[{"@type":"WebPage","@id":"https:\/\/goldenhornbosphorushotel.com\/tr\/iletisim\/","url":"https:\/\/goldenhornbosphorushotel.com\/tr\/iletisim\/","name":"\u0130leti\u015fim - Golden Horn Bosphorus Hotel","isPartOf":{"@id":"https:\/\/goldenhornbosphorushotel.com\/tr\/#website"},"primaryImageOfPage":{"@id":"https:\/\/goldenhornbosphorushotel.com\/tr\/iletisim\/#primaryimage"},"image":{"@id":"https:\/\/goldenhornbosphorushotel.com\/tr\/iletisim\/#primaryimage"},"thumbnailUrl":"https:\/\/goldenhornbosphorushotel.com\/tr\/wp-content\/uploads\/2026\/04\/WhatsApp-Gorsel-2024-07-04-saat-14.25.35_58aafa4b-1152x1536-1-768x1024.jpg","datePublished":"2023-03-24T06:55:22+00:00","dateModified":"2026-04-25T19:49:14+00:00","breadcrumb":{"@id":"https:\/\/goldenhornbosphorushotel.com\/tr\/iletisim\/#breadcrumb"},"inLanguage":"tr","potentialAction":[{"@type":"ReadAction","target":["https:\/\/goldenhornbosphorushotel.com\/tr\/iletisim\/"]}]},{"@type":"ImageObject","inLanguage":"tr","@id":"https:\/\/goldenhornbosphorushotel.com\/tr\/iletisim\/#primaryimage","url":"https:\/\/goldenhornbosphorushotel.com\/tr\/wp-content\/uploads\/2026\/04\/WhatsApp-Gorsel-2024-07-04-saat-14.25.35_58aafa4b-1152x1536-1.jpg","contentUrl":"https:\/\/goldenhornbosphorushotel.com\/tr\/wp-content\/uploads\/2026\/04\/WhatsApp-Gorsel-2024-07-04-saat-14.25.35_58aafa4b-1152x1536-1.jpg","width":1152,"height":1536},{"@type":"BreadcrumbList","@id":"https:\/\/goldenhornbosphorushotel.com\/tr\/iletisim\/#breadcrumb","itemListElement":[{"@type":"ListItem","position":1,"name":"Home","item":"https:\/\/goldenhornbosphorushotel.com\/tr\/"},{"@type":"ListItem","position":2,"name":"\u0130leti\u015fim"}]},{"@type":"WebSite","@id":"https:\/\/goldenhornbosphorushotel.com\/tr\/#website","url":"https:\/\/goldenhornbosphorushotel.com\/tr\/","name":"Golden Horn Bosphorus Hotel","description":"Bo\u011faz manzaras\u0131yla benzersiz konumda bir otel","potentialAction":[{"@type":"SearchAction","target":{"@type":"EntryPoint","urlTemplate":"https:\/\/goldenhornbosphorushotel.com\/tr\/?s={search_term_string}"},"query-input":"required name=search_term_string"}],"inLanguage":"tr"}]}},"_links":{"self":[{"href":"https:\/\/goldenhornbosphorushotel.com\/tr\/wp-json\/wp\/v2\/pages\/75","targetHints":{"allow":["GET"]}}],"collection":[{"href":"https:\/\/goldenhornbosphorushotel.com\/tr\/wp-json\/wp\/v2\/pages"}],"about":[{"href":"https:\/\/goldenhornbosphorushotel.com\/tr\/wp-json\/wp\/v2\/types\/page"}],"author":[{"embeddable":true,"href":"https:\/\/goldenhornbosphorushotel.com\/tr\/wp-json\/wp\/v2\/users\/1"}],"replies":[{"embeddable":true,"href":"https:\/\/goldenhornbosphorushotel.com\/tr\/wp-json\/wp\/v2\/comments?post=75"}],"version-history":[{"count":46,"href":"https:\/\/goldenhornbosphorushotel.com\/tr\/wp-json\/wp\/v2\/pages\/75\/revisions"}],"predecessor-version":[{"id":3723,"href":"https:\/\/goldenhornbosphorushotel.com\/tr\/wp-json\/wp\/v2\/pages\/75\/revisions\/3723"}],"wp:attachment":[{"href":"https:\/\/goldenhornbosphorushotel.com\/tr\/wp-json\/wp\/v2\/media?parent=75"}],"curies":[{"name":"wp","href":"https:\/\/api.w.org\/{rel}","templated":true}]}}