{"id":239,"date":"2023-03-25T04:01:49","date_gmt":"2023-03-25T04:01:49","guid":{"rendered":"https:\/\/cozystay.loftocean.com\/mountain-chalet\/?page_id=239"},"modified":"2024-06-08T11:39:52","modified_gmt":"2024-06-08T11:39:52","slug":"lokasyon","status":"publish","type":"page","link":"https:\/\/goldenhornbosphorushotel.com\/tr\/lokasyon\/","title":{"rendered":"Lokasyon"},"content":{"rendered":"\t\t<div data-elementor-type=\"wp-page\" data-elementor-id=\"239\" class=\"elementor elementor-239\">\n\t\t\t\t\t\t<section class=\"elementor-section elementor-top-section elementor-element elementor-element-4806ec9d elementor-section-height-min-height cs-section-content-fullwidth cs-parallax-on-scroll cs_scroll_y_80 elementor-section-boxed elementor-section-height-default elementor-section-items-middle\" data-id=\"4806ec9d\" data-element_type=\"section\" data-settings=\"{&quot;background_background&quot;:&quot;classic&quot;}\" data-cs-parallax-y=\"80\" style=\"background-image: none;\" data-cs-background-image=\"https:\/\/goldenhornbosphorushotel.com\/tr\/wp-content\/uploads\/2024\/04\/Istanbul-Turkey_MOSQUE.jpg\">\n\t\t\t\t\t\t\t<div class=\"elementor-background-overlay\"><\/div>\n\t\t\t\t\t\t\t<div class=\"elementor-container elementor-column-gap-no\">\n\t\t\t\t\t<div class=\"elementor-column elementor-col-100 elementor-top-column elementor-element elementor-element-6d5df862 dark-color\" data-id=\"6d5df862\" data-element_type=\"column\">\n\t\t\t<div class=\"elementor-widget-wrap elementor-element-populated\">\n\t\t\t\t\t\t<div class=\"elementor-element elementor-element-745549e7 elementor-widget elementor-widget-cs_title\" data-id=\"745549e7\" data-element_type=\"widget\" data-widget_type=\"cs_title.default\">\n\t\t\t\t<div class=\"elementor-widget-container\">\n\t\t\t\n        <div class=\"cs-title-wrap text-center\">\t            <div class=\"cs-subtitle-wrap\"><span class=\"cs-subtitle color-white\">Golden Horn Bosphorus Hotel<\/span><\/div>\t            <h1 class=\"cs-title\">\n\t                \u0130stanbul'u Ke\u015ffedin\t            <\/h1>\t            <div class=\"cs-title-text\">\n\t                <p style=\"text-align: justify;\">\u0130stanbul&#8217;a ho\u015f geldiniz, ge\u00e7mi\u015fle gelece\u011fin bulu\u015ftu\u011fu b\u00fcy\u00fcleyici \u015fehir, her k\u00f6\u015fesi ke\u015ffedilmeyi bekleyen bir hikaye bar\u0131nd\u0131ran. \u0130stanbul, Do\u011fu&#8217;nun zengin tarihi ile Bat\u0131&#8217;n\u0131n modernli\u011finin uyum i\u00e7inde oldu\u011fu canl\u0131 bir k\u00fclt\u00fcr mozai\u011fidir ve ziyaret\u00e7iler i\u00e7in ger\u00e7ekten e\u015fsiz ve unutulmaz bir deneyim yarat\u0131r.<\/p>\t            <\/div>        <\/div>\t\t<\/div>\n\t\t\t\t<\/div>\n\t\t\t\t\t<\/div>\n\t\t<\/div>\n\t\t\t\t\t<\/div>\n\t\t<\/section>\n\t\t\t\t<section class=\"elementor-section elementor-top-section elementor-element elementor-element-633d305a elementor-section-boxed elementor-section-height-default elementor-section-height-default\" data-id=\"633d305a\" data-element_type=\"section\" data-settings=\"{&quot;background_background&quot;:&quot;classic&quot;}\">\n\t\t\t\t\t\t<div class=\"elementor-container elementor-column-gap-no\">\n\t\t\t\t\t<div class=\"elementor-column elementor-col-100 elementor-top-column elementor-element elementor-element-5e8fe3f2\" data-id=\"5e8fe3f2\" data-element_type=\"column\">\n\t\t\t<div class=\"elementor-widget-wrap elementor-element-populated\">\n\t\t\t\t\t\t<div class=\"elementor-element elementor-element-106e1a1 elementor-widget elementor-widget-image\" data-id=\"106e1a1\" data-element_type=\"widget\" data-widget_type=\"image.default\">\n\t\t\t\t<div class=\"elementor-widget-container\">\n\t\t\t<style>\/*! elementor - v3.23.0 - 05-08-2024 *\/\n.elementor-widget-image{text-align:center}.elementor-widget-image a{display:inline-block}.elementor-widget-image a img[src$=\".svg\"]{width:48px}.elementor-widget-image img{vertical-align:middle;display:inline-block}<\/style>\t\t\t\t\t\t\t\t\t\t<img fetchpriority=\"high\" decoding=\"async\" width=\"1024\" height=\"160\" src=\"https:\/\/goldenhornbosphorushotel.com\/tr\/wp-content\/uploads\/2024\/04\/WhatsApp-Gorsel-2024-04-18-saat-13.54.54_dc406978-1024x160.png\" class=\"attachment-large size-large wp-image-2709\" alt=\"\" srcset=\"https:\/\/goldenhornbosphorushotel.com\/tr\/wp-content\/uploads\/2024\/04\/WhatsApp-Gorsel-2024-04-18-saat-13.54.54_dc406978-1024x160.png 1024w, https:\/\/goldenhornbosphorushotel.com\/tr\/wp-content\/uploads\/2024\/04\/WhatsApp-Gorsel-2024-04-18-saat-13.54.54_dc406978-300x47.png 300w, https:\/\/goldenhornbosphorushotel.com\/tr\/wp-content\/uploads\/2024\/04\/WhatsApp-Gorsel-2024-04-18-saat-13.54.54_dc406978-768x120.png 768w, https:\/\/goldenhornbosphorushotel.com\/tr\/wp-content\/uploads\/2024\/04\/WhatsApp-Gorsel-2024-04-18-saat-13.54.54_dc406978-1200x188.png 1200w, https:\/\/goldenhornbosphorushotel.com\/tr\/wp-content\/uploads\/2024\/04\/WhatsApp-Gorsel-2024-04-18-saat-13.54.54_dc406978-780x122.png 780w, https:\/\/goldenhornbosphorushotel.com\/tr\/wp-content\/uploads\/2024\/04\/WhatsApp-Gorsel-2024-04-18-saat-13.54.54_dc406978-600x94.png 600w, https:\/\/goldenhornbosphorushotel.com\/tr\/wp-content\/uploads\/2024\/04\/WhatsApp-Gorsel-2024-04-18-saat-13.54.54_dc406978-550x86.png 550w, https:\/\/goldenhornbosphorushotel.com\/tr\/wp-content\/uploads\/2024\/04\/WhatsApp-Gorsel-2024-04-18-saat-13.54.54_dc406978-370x58.png 370w, https:\/\/goldenhornbosphorushotel.com\/tr\/wp-content\/uploads\/2024\/04\/WhatsApp-Gorsel-2024-04-18-saat-13.54.54_dc406978-255x40.png 255w, https:\/\/goldenhornbosphorushotel.com\/tr\/wp-content\/uploads\/2024\/04\/WhatsApp-Gorsel-2024-04-18-saat-13.54.54_dc406978-150x23.png 150w, https:\/\/goldenhornbosphorushotel.com\/tr\/wp-content\/uploads\/2024\/04\/WhatsApp-Gorsel-2024-04-18-saat-13.54.54_dc406978.png 1430w\" sizes=\"(max-width: 1024px) 100vw, 1024px\" \/>\t\t\t\t\t\t\t\t\t\t\t\t\t<\/div>\n\t\t\t\t<\/div>\n\t\t\t\t<div class=\"elementor-element elementor-element-571e5775 elementor-widget elementor-widget-cs_title\" data-id=\"571e5775\" data-element_type=\"widget\" data-widget_type=\"cs_title.default\">\n\t\t\t\t<div class=\"elementor-widget-container\">\n\t\t\t\n        <div class=\"cs-title-wrap text-center\">\t            <div class=\"cs-title-text\">\n\t                <p style=\"text-align: justify;\">Golden Horn Bosphorus Hotel, tarihi yar\u0131madan\u0131n kalbinde, Sirkeci&#8217;nin tam merkezinde m\u00fckemmel bir konuma sahiptir. Bu \u00f6nemli konum, i\u015f, dinlenme veya k\u00fclt\u00fcrel ke\u015fif amac\u0131yla \u015fehri ziyaret eden gezginler i\u00e7in ideal bir se\u00e7im yapar. Sirkeci, \u0130stanbul&#8217;un her noktas\u0131na benzersiz eri\u015fim imkan\u0131 sunarak, misafirlerin \u015fehrin canl\u0131 atmosferini ve zengin tarihini kolayl\u0131kla deneyimlemelerini sa\u011flar.\n\nKonumumuzun sa\u011flad\u0131\u011f\u0131 kolayl\u0131k, tramvay ve tren istasyonlar\u0131na olan yak\u0131nl\u0131\u011f\u0131yla vurgulanmaktad\u0131r; bunlar otele birka\u00e7 dakikal\u0131k y\u00fcr\u00fcme mesafesindedir. Bu, misafirlerimizin \u015fehri zahmetsizce gezmesini ve \u0130stanbul&#8217;un en ikonik simge yap\u0131lar\u0131n\u0131 ziyaret etmesini sa\u011flar. Y\u00fcr\u00fcme mesafesinde, muhte\u015fem Sultanahmet Camii, hayranl\u0131k uyand\u0131ran Ayasofya ve tarihi Topkap\u0131 Saray\u0131 gibi bir\u00e7ok k\u00fclt\u00fcrel ve tarihi mekan\u0131 bulacaks\u0131n\u0131z. Bu cazibe merkezleri, yo\u011fun trafik s\u0131k\u0131nt\u0131s\u0131 olmadan ke\u015ffedilebilir, bu da konaklaman\u0131z\u0131 hem keyifli hem de verimli hale getirir.\n\nTarihi mekanlar\u0131n yan\u0131 s\u0131ra, misafirlerimiz benzersiz bir al\u0131\u015fveri\u015f deneyimi ya\u015fayabilirler. Kapal\u0131 \u00c7ar\u015f\u0131 ve M\u0131s\u0131r \u00c7ar\u015f\u0131s\u0131, \u0130stanbul&#8217;un zengin ticaret tarihine bir bak\u0131\u015f sunarak, baharatlardan tekstillere, m\u00fccevherlerden hediyelik e\u015fyalara kadar her \u015feyi satan say\u0131s\u0131z d\u00fckkan\u0131yla dikkat \u00e7eker. Modern al\u0131\u015fveri\u015f olanaklar\u0131 arayanlar i\u00e7in birka\u00e7 al\u0131\u015fveri\u015f merkezi de yak\u0131ndad\u0131r, b\u00f6ylece t\u00fcm ihtiya\u00e7lar\u0131n\u0131z\u0131 kar\u015f\u0131layacak \u00e7e\u015fitli perakende se\u00e7enekleri sunar.\n\nSultanahmet&#8217;in eski sokaklar\u0131n\u0131 ke\u015ffetmek, kalabal\u0131k pazarlarda kendinizi kaybetmek veya i\u015f toplant\u0131lar\u0131na kat\u0131lmak isteseniz de, Golden Horn Bosphorus Hotel stratejik ve konforlu bir \u00fcs sunar. M\u00fckemmel hizmete ve e\u015fsiz konuma olan ba\u011fl\u0131l\u0131\u011f\u0131m\u0131z, \u0130stanbul&#8217;daki konaklaman\u0131z\u0131n hem unutulmaz hem de keyifli olaca\u011f\u0131ndan emin olman\u0131z\u0131 sa\u011flar.<\/p>\t            <\/div>        <\/div>\t\t<\/div>\n\t\t\t\t<\/div>\n\t\t\t\t\t<\/div>\n\t\t<\/div>\n\t\t\t\t\t<\/div>\n\t\t<\/section>\n\t\t\t\t<section class=\"elementor-section elementor-top-section elementor-element elementor-element-16ad4ff8 elementor-section-boxed elementor-section-height-default elementor-section-height-default\" data-id=\"16ad4ff8\" data-element_type=\"section\">\n\t\t\t\t\t\t<div class=\"elementor-container elementor-column-gap-no\">\n\t\t\t\t\t<div class=\"elementor-column elementor-col-33 elementor-top-column elementor-element elementor-element-61f2978\" data-id=\"61f2978\" data-element_type=\"column\">\n\t\t\t<div class=\"elementor-widget-wrap elementor-element-populated\">\n\t\t\t\t\t\t<div class=\"elementor-element elementor-element-1381bf66 elementor-widget elementor-widget-cs_call_to_action\" data-id=\"1381bf66\" data-element_type=\"widget\" data-widget_type=\"cs_call_to_action.default\">\n\t\t\t\t<div class=\"elementor-widget-container\">\n\t\t\t\n\t\t<div class=\"cs-cta cta-layout-text-normal cta-hover-img-zoom\">\n            <div class=\"cs-cta-wrap\">\t\t                <div class=\"cs-cta-img-wrap\">\n\t\t\t\t\t        <div class=\"cs-cta-img\">\n\t\t\t\t\t            <img decoding=\"async\" width=\"441\" height=\"427\" src=\"https:\/\/goldenhornbosphorushotel.com\/tr\/wp-content\/uploads\/2024\/04\/istockphoto-1411264464-612x612-2.jpg\" class=\"attachment-cozystay_550x9999 size-cozystay_550x9999 wp-image-2233\" alt=\"\" srcset=\"https:\/\/goldenhornbosphorushotel.com\/tr\/wp-content\/uploads\/2024\/04\/istockphoto-1411264464-612x612-2.jpg 441w, https:\/\/goldenhornbosphorushotel.com\/tr\/wp-content\/uploads\/2024\/04\/istockphoto-1411264464-612x612-2-300x290.jpg 300w, https:\/\/goldenhornbosphorushotel.com\/tr\/wp-content\/uploads\/2024\/04\/istockphoto-1411264464-612x612-2-370x358.jpg 370w, https:\/\/goldenhornbosphorushotel.com\/tr\/wp-content\/uploads\/2024\/04\/istockphoto-1411264464-612x612-2-255x247.jpg 255w, https:\/\/goldenhornbosphorushotel.com\/tr\/wp-content\/uploads\/2024\/04\/istockphoto-1411264464-612x612-2-150x145.jpg 150w\" sizes=\"(max-width: 441px) 100vw, 441px\" \/>\t\t\t\t\t        <\/div>\n\t\t\t\t\t        <div class=\"cs-offset-border\"><\/div>\n\t\t\t\t\t\t<\/div>                <div class=\"cs-cta-overlay\"><\/div>\n                <div class=\"cs-cta-content\">\t\t            <h4 class=\"cs-cta-title cs-title\">\n\t\t                Sirkeci\t\t            <\/h4>\t\t            <div class=\"cs-cta-text\">\n\t\t                <p>Sirkeci, \u0130stanbul&#8217;un tarihi ve k\u00fclt\u00fcrel miras\u0131n\u0131n \u00f6nemli bir par\u00e7as\u0131d\u0131r. Muhte\u015fem Bo\u011faz manzaras\u0131na sahip bu mahalle, tarih boyunca bir\u00e7ok \u00f6nemli olaya tan\u0131kl\u0131k etmi\u015ftir. Tarihi tren istasyonu ve otantik sokaklar\u0131yla Sirkeci, ziyaret\u00e7ilere unutulmaz bir deneyim sunmaktad\u0131r.<\/p>\t\t            <\/div>\t                <div class=\"cs-cta-btn\">\n\t                    <a class=\"button cs-btn-color-primary cs-btn-underline cs-btn-with-icon\" role=\"button\" href=\"https:\/\/goldenhornbosphorushotel.com\/tr\/sirkeci\/\">\n\t                        <span class=\"cs-btn-text\">Ke\u015ffedin<\/span>\t\t\t\t            \t<span class=\"cs-btn-icon icon-arrow\"><\/span>\t                    <\/a>\n\t                <\/div>\t\t\t<\/div>                <a class=\"cs-cta-link\" href=\"https:\/\/goldenhornbosphorushotel.com\/tr\/sirkeci\/\"><\/a>            <\/div>\n        <\/div>\t\t<\/div>\n\t\t\t\t<\/div>\n\t\t\t\t\t<\/div>\n\t\t<\/div>\n\t\t\t\t<div class=\"elementor-column elementor-col-33 elementor-top-column elementor-element elementor-element-76af95a8\" data-id=\"76af95a8\" data-element_type=\"column\">\n\t\t\t<div class=\"elementor-widget-wrap elementor-element-populated\">\n\t\t\t\t\t\t<div class=\"elementor-element elementor-element-3c5f3b7a elementor-widget elementor-widget-cs_call_to_action\" data-id=\"3c5f3b7a\" data-element_type=\"widget\" data-widget_type=\"cs_call_to_action.default\">\n\t\t\t\t<div class=\"elementor-widget-container\">\n\t\t\t\n\t\t<div class=\"cs-cta cta-layout-text-normal cta-hover-img-zoom\">\n            <div class=\"cs-cta-wrap\">\t\t                <div class=\"cs-cta-img-wrap\">\n\t\t\t\t\t        <div class=\"cs-cta-img\">\n\t\t\t\t\t            <img decoding=\"async\" width=\"441\" height=\"427\" src=\"https:\/\/goldenhornbosphorushotel.com\/tr\/wp-content\/uploads\/2024\/04\/istockphoto-1411264464-612x612-3.jpg\" class=\"attachment-cozystay_550x9999 size-cozystay_550x9999 wp-image-2237\" alt=\"\" srcset=\"https:\/\/goldenhornbosphorushotel.com\/tr\/wp-content\/uploads\/2024\/04\/istockphoto-1411264464-612x612-3.jpg 441w, https:\/\/goldenhornbosphorushotel.com\/tr\/wp-content\/uploads\/2024\/04\/istockphoto-1411264464-612x612-3-300x290.jpg 300w, https:\/\/goldenhornbosphorushotel.com\/tr\/wp-content\/uploads\/2024\/04\/istockphoto-1411264464-612x612-3-370x358.jpg 370w, https:\/\/goldenhornbosphorushotel.com\/tr\/wp-content\/uploads\/2024\/04\/istockphoto-1411264464-612x612-3-255x247.jpg 255w, https:\/\/goldenhornbosphorushotel.com\/tr\/wp-content\/uploads\/2024\/04\/istockphoto-1411264464-612x612-3-150x145.jpg 150w\" sizes=\"(max-width: 441px) 100vw, 441px\" \/>\t\t\t\t\t        <\/div>\n\t\t\t\t\t        <div class=\"cs-offset-border\"><\/div>\n\t\t\t\t\t\t<\/div>                <div class=\"cs-cta-overlay\"><\/div>\n                <div class=\"cs-cta-content\">\t\t            <h4 class=\"cs-cta-title cs-title\">\n\t\t                Sultanahmet\t\t            <\/h4>\t\t            <div class=\"cs-cta-text\">\n\t\t                <p>Sultanahmet, \u0130stanbul&#8217;un zengin tarihi ve k\u00fclt\u00fcrel miras\u0131n\u0131n \u00f6nemli bir par\u00e7as\u0131 olarak durmaktad\u0131r. Muhte\u015fem Bo\u011faz manzaralar\u0131yla \u00f6ne \u00e7\u0131kan bu semt, y\u00fczy\u0131llar boyunca bir\u00e7ok \u00f6nemli olaya sessiz tan\u0131kl\u0131k etmi\u015ftir.\u00a0<\/p>\t\t            <\/div>\t                <div class=\"cs-cta-btn\">\n\t                    <a class=\"button cs-btn-color-primary cs-btn-underline cs-btn-with-icon\" role=\"button\" href=\"https:\/\/goldenhornbosphorushotel.com\/tr\/sultanahmet\/\">\n\t                        <span class=\"cs-btn-text\">Ke\u015ffedin<\/span>\t\t\t\t            \t<span class=\"cs-btn-icon icon-arrow\"><\/span>\t                    <\/a>\n\t                <\/div>\t\t\t<\/div>                <a class=\"cs-cta-link\" href=\"https:\/\/goldenhornbosphorushotel.com\/tr\/sultanahmet\/\"><\/a>            <\/div>\n        <\/div>\t\t<\/div>\n\t\t\t\t<\/div>\n\t\t\t\t\t<\/div>\n\t\t<\/div>\n\t\t\t\t<div class=\"elementor-column elementor-col-33 elementor-top-column elementor-element elementor-element-746d8fab\" data-id=\"746d8fab\" data-element_type=\"column\">\n\t\t\t<div class=\"elementor-widget-wrap\">\n\t\t\t\t\t\t\t<\/div>\n\t\t<\/div>\n\t\t\t\t\t<\/div>\n\t\t<\/section>\n\t\t\t\t<\/div>\n\t\t","protected":false},"excerpt":{"rendered":"<p>Golden Horn Bosphorus Hotel \u0130stanbul&#8217;u Ke\u015ffedin \u0130stanbul&#8217;a ho\u015f geldiniz, ge\u00e7mi\u015fle gelece\u011fin bulu\u015ftu\u011fu b\u00fcy\u00fcleyici \u015fehir, her k\u00f6\u015fesi ke\u015ffedilmeyi bekleyen bir hikaye bar\u0131nd\u0131ran. \u0130stanbul, Do\u011fu&#8217;nun zengin tarihi ile Bat\u0131&#8217;n\u0131n modernli\u011finin uyum i\u00e7inde oldu\u011fu canl\u0131 bir k\u00fclt\u00fcr mozai\u011fidir ve ziyaret\u00e7iler i\u00e7in ger\u00e7ekten e\u015fsiz ve unutulmaz bir deneyim yarat\u0131r. Golden Horn Bosphorus Hotel, tarihi yar\u0131madan\u0131n kalbinde, Sirkeci&#8217;nin tam merkezinde &#8230;<\/p>\n","protected":false},"author":1,"featured_media":0,"parent":0,"menu_order":0,"comment_status":"closed","ping_status":"closed","template":"template-wide-content.php","meta":{"cozystay_single_page_hide_site_header":"","cozystay_single_page_site_header_source":"","cozystay_single_page_custom_site_header":"0","cozystay_single_page_custom_sticky_site_header":"0","cozystay_single_page_hide_page_title":"on","cozystay_single_page_header_section_size":"","cozystay_single_page_header_background_color":"","cozystay_single_page_header_background_position_x":"center","cozystay_single_page_header_background_position_y":"center","cozystay_single_page_header_background_size":"cover","cozystay_single_page_header_background_repeat":"off","cozystay_single_page_header_background_scroll":"on","cozystay_single_page_header_text_color":"","cozystay_single_page_header_show_breadcrumb":"","cozystay_single_page_site_footer_hide_main":"","cozystay_single_custom_site_footer_main_source":"","cozystay_single_custom_site_footer_main":"0","cozystay_single_page_site_footer_hide_above":"","cozystay_single_custom_site_footer_above_source":"","cozystay_single_custom_site_footer_above":"0","cozystay_single_page_site_footer_hide_instagram":"","cozystay_single_page_site_footer_hide_bottom":"","cozystay_single_custom_mobile_menu_source":"","cozystay_single_custom_mobile_menu":"0","cozystay_single_custom_mobile_menu_animation":"","cozystay_single_custom_mobile_menu_width":"","cozystay_single_custom_mobile_menu_custom_width":375,"footnotes":""},"class_list":["post-239","page","type-page","status-publish","hentry"],"yoast_head":"<!-- This site is optimized with the Yoast SEO plugin v23.3 - https:\/\/yoast.com\/wordpress\/plugins\/seo\/ -->\n<title>Lokasyon - Golden Horn Bosphorus Hotel<\/title>\n<meta name=\"robots\" content=\"index, follow, max-snippet:-1, max-image-preview:large, max-video-preview:-1\" \/>\n<link rel=\"canonical\" href=\"https:\/\/goldenhornbosphorushotel.com\/tr\/lokasyon\/\" \/>\n<meta property=\"og:locale\" content=\"tr_TR\" \/>\n<meta property=\"og:type\" content=\"article\" \/>\n<meta property=\"og:title\" content=\"Lokasyon - Golden Horn Bosphorus Hotel\" \/>\n<meta property=\"og:description\" content=\"Golden Horn Bosphorus Hotel \u0130stanbul&#8217;u Ke\u015ffedin \u0130stanbul&#8217;a ho\u015f geldiniz, ge\u00e7mi\u015fle gelece\u011fin bulu\u015ftu\u011fu b\u00fcy\u00fcleyici \u015fehir, her k\u00f6\u015fesi ke\u015ffedilmeyi bekleyen bir hikaye bar\u0131nd\u0131ran. \u0130stanbul, Do\u011fu&#8217;nun zengin tarihi ile Bat\u0131&#8217;n\u0131n modernli\u011finin uyum i\u00e7inde oldu\u011fu canl\u0131 bir k\u00fclt\u00fcr mozai\u011fidir ve ziyaret\u00e7iler i\u00e7in ger\u00e7ekten e\u015fsiz ve unutulmaz bir deneyim yarat\u0131r. Golden Horn Bosphorus Hotel, tarihi yar\u0131madan\u0131n kalbinde, Sirkeci&#8217;nin tam merkezinde ...\" \/>\n<meta property=\"og:url\" content=\"https:\/\/goldenhornbosphorushotel.com\/tr\/lokasyon\/\" \/>\n<meta property=\"og:site_name\" content=\"Golden Horn Bosphorus Hotel\" \/>\n<meta property=\"article:modified_time\" content=\"2024-06-08T11:39:52+00:00\" \/>\n<meta property=\"og:image\" content=\"https:\/\/goldenhornbosphorushotel.com\/tr\/wp-content\/uploads\/2024\/04\/WhatsApp-Gorsel-2024-04-18-saat-13.54.54_dc406978-1024x160.png\" \/>\n<meta name=\"twitter:card\" content=\"summary_large_image\" \/>\n<meta name=\"twitter:label1\" content=\"Tahmini okuma s\u00fcresi\" \/>\n\t<meta name=\"twitter:data1\" content=\"3 dakika\" \/>\n<script type=\"application\/ld+json\" class=\"yoast-schema-graph\">{\"@context\":\"https:\/\/schema.org\",\"@graph\":[{\"@type\":\"WebPage\",\"@id\":\"https:\/\/goldenhornbosphorushotel.com\/tr\/lokasyon\/\",\"url\":\"https:\/\/goldenhornbosphorushotel.com\/tr\/lokasyon\/\",\"name\":\"Lokasyon - Golden Horn Bosphorus Hotel\",\"isPartOf\":{\"@id\":\"https:\/\/goldenhornbosphorushotel.com\/tr\/#website\"},\"primaryImageOfPage\":{\"@id\":\"https:\/\/goldenhornbosphorushotel.com\/tr\/lokasyon\/#primaryimage\"},\"image\":{\"@id\":\"https:\/\/goldenhornbosphorushotel.com\/tr\/lokasyon\/#primaryimage\"},\"thumbnailUrl\":\"https:\/\/goldenhornbosphorushotel.com\/tr\/wp-content\/uploads\/2024\/04\/WhatsApp-Gorsel-2024-04-18-saat-13.54.54_dc406978-1024x160.png\",\"datePublished\":\"2023-03-25T04:01:49+00:00\",\"dateModified\":\"2024-06-08T11:39:52+00:00\",\"breadcrumb\":{\"@id\":\"https:\/\/goldenhornbosphorushotel.com\/tr\/lokasyon\/#breadcrumb\"},\"inLanguage\":\"tr\",\"potentialAction\":[{\"@type\":\"ReadAction\",\"target\":[\"https:\/\/goldenhornbosphorushotel.com\/tr\/lokasyon\/\"]}]},{\"@type\":\"ImageObject\",\"inLanguage\":\"tr\",\"@id\":\"https:\/\/goldenhornbosphorushotel.com\/tr\/lokasyon\/#primaryimage\",\"url\":\"https:\/\/goldenhornbosphorushotel.com\/tr\/wp-content\/uploads\/2024\/04\/WhatsApp-Gorsel-2024-04-18-saat-13.54.54_dc406978.png\",\"contentUrl\":\"https:\/\/goldenhornbosphorushotel.com\/tr\/wp-content\/uploads\/2024\/04\/WhatsApp-Gorsel-2024-04-18-saat-13.54.54_dc406978.png\",\"width\":1430,\"height\":224},{\"@type\":\"BreadcrumbList\",\"@id\":\"https:\/\/goldenhornbosphorushotel.com\/tr\/lokasyon\/#breadcrumb\",\"itemListElement\":[{\"@type\":\"ListItem\",\"position\":1,\"name\":\"Home\",\"item\":\"https:\/\/goldenhornbosphorushotel.com\/tr\/\"},{\"@type\":\"ListItem\",\"position\":2,\"name\":\"Lokasyon\"}]},{\"@type\":\"WebSite\",\"@id\":\"https:\/\/goldenhornbosphorushotel.com\/tr\/#website\",\"url\":\"https:\/\/goldenhornbosphorushotel.com\/tr\/\",\"name\":\"Golden Horn Bosphorus Hotel\",\"description\":\"Bo\u011faz manzaras\u0131yla benzersiz konumda bir otel\",\"potentialAction\":[{\"@type\":\"SearchAction\",\"target\":{\"@type\":\"EntryPoint\",\"urlTemplate\":\"https:\/\/goldenhornbosphorushotel.com\/tr\/?s={search_term_string}\"},\"query-input\":\"required name=search_term_string\"}],\"inLanguage\":\"tr\"}]}<\/script>\n<!-- \/ Yoast SEO plugin. -->","yoast_head_json":{"title":"Lokasyon - Golden Horn Bosphorus Hotel","robots":{"index":"index","follow":"follow","max-snippet":"max-snippet:-1","max-image-preview":"max-image-preview:large","max-video-preview":"max-video-preview:-1"},"canonical":"https:\/\/goldenhornbosphorushotel.com\/tr\/lokasyon\/","og_locale":"tr_TR","og_type":"article","og_title":"Lokasyon - Golden Horn Bosphorus Hotel","og_description":"Golden Horn Bosphorus Hotel \u0130stanbul&#8217;u Ke\u015ffedin \u0130stanbul&#8217;a ho\u015f geldiniz, ge\u00e7mi\u015fle gelece\u011fin bulu\u015ftu\u011fu b\u00fcy\u00fcleyici \u015fehir, her k\u00f6\u015fesi ke\u015ffedilmeyi bekleyen bir hikaye bar\u0131nd\u0131ran. \u0130stanbul, Do\u011fu&#8217;nun zengin tarihi ile Bat\u0131&#8217;n\u0131n modernli\u011finin uyum i\u00e7inde oldu\u011fu canl\u0131 bir k\u00fclt\u00fcr mozai\u011fidir ve ziyaret\u00e7iler i\u00e7in ger\u00e7ekten e\u015fsiz ve unutulmaz bir deneyim yarat\u0131r. Golden Horn Bosphorus Hotel, tarihi yar\u0131madan\u0131n kalbinde, Sirkeci&#8217;nin tam merkezinde ...","og_url":"https:\/\/goldenhornbosphorushotel.com\/tr\/lokasyon\/","og_site_name":"Golden Horn Bosphorus Hotel","article_modified_time":"2024-06-08T11:39:52+00:00","og_image":[{"url":"https:\/\/goldenhornbosphorushotel.com\/tr\/wp-content\/uploads\/2024\/04\/WhatsApp-Gorsel-2024-04-18-saat-13.54.54_dc406978-1024x160.png"}],"twitter_card":"summary_large_image","twitter_misc":{"Tahmini okuma s\u00fcresi":"3 dakika"},"schema":{"@context":"https:\/\/schema.org","@graph":[{"@type":"WebPage","@id":"https:\/\/goldenhornbosphorushotel.com\/tr\/lokasyon\/","url":"https:\/\/goldenhornbosphorushotel.com\/tr\/lokasyon\/","name":"Lokasyon - Golden Horn Bosphorus Hotel","isPartOf":{"@id":"https:\/\/goldenhornbosphorushotel.com\/tr\/#website"},"primaryImageOfPage":{"@id":"https:\/\/goldenhornbosphorushotel.com\/tr\/lokasyon\/#primaryimage"},"image":{"@id":"https:\/\/goldenhornbosphorushotel.com\/tr\/lokasyon\/#primaryimage"},"thumbnailUrl":"https:\/\/goldenhornbosphorushotel.com\/tr\/wp-content\/uploads\/2024\/04\/WhatsApp-Gorsel-2024-04-18-saat-13.54.54_dc406978-1024x160.png","datePublished":"2023-03-25T04:01:49+00:00","dateModified":"2024-06-08T11:39:52+00:00","breadcrumb":{"@id":"https:\/\/goldenhornbosphorushotel.com\/tr\/lokasyon\/#breadcrumb"},"inLanguage":"tr","potentialAction":[{"@type":"ReadAction","target":["https:\/\/goldenhornbosphorushotel.com\/tr\/lokasyon\/"]}]},{"@type":"ImageObject","inLanguage":"tr","@id":"https:\/\/goldenhornbosphorushotel.com\/tr\/lokasyon\/#primaryimage","url":"https:\/\/goldenhornbosphorushotel.com\/tr\/wp-content\/uploads\/2024\/04\/WhatsApp-Gorsel-2024-04-18-saat-13.54.54_dc406978.png","contentUrl":"https:\/\/goldenhornbosphorushotel.com\/tr\/wp-content\/uploads\/2024\/04\/WhatsApp-Gorsel-2024-04-18-saat-13.54.54_dc406978.png","width":1430,"height":224},{"@type":"BreadcrumbList","@id":"https:\/\/goldenhornbosphorushotel.com\/tr\/lokasyon\/#breadcrumb","itemListElement":[{"@type":"ListItem","position":1,"name":"Home","item":"https:\/\/goldenhornbosphorushotel.com\/tr\/"},{"@type":"ListItem","position":2,"name":"Lokasyon"}]},{"@type":"WebSite","@id":"https:\/\/goldenhornbosphorushotel.com\/tr\/#website","url":"https:\/\/goldenhornbosphorushotel.com\/tr\/","name":"Golden Horn Bosphorus Hotel","description":"Bo\u011faz manzaras\u0131yla benzersiz konumda bir otel","potentialAction":[{"@type":"SearchAction","target":{"@type":"EntryPoint","urlTemplate":"https:\/\/goldenhornbosphorushotel.com\/tr\/?s={search_term_string}"},"query-input":"required name=search_term_string"}],"inLanguage":"tr"}]}},"_links":{"self":[{"href":"https:\/\/goldenhornbosphorushotel.com\/tr\/wp-json\/wp\/v2\/pages\/239","targetHints":{"allow":["GET"]}}],"collection":[{"href":"https:\/\/goldenhornbosphorushotel.com\/tr\/wp-json\/wp\/v2\/pages"}],"about":[{"href":"https:\/\/goldenhornbosphorushotel.com\/tr\/wp-json\/wp\/v2\/types\/page"}],"author":[{"embeddable":true,"href":"https:\/\/goldenhornbosphorushotel.com\/tr\/wp-json\/wp\/v2\/users\/1"}],"replies":[{"embeddable":true,"href":"https:\/\/goldenhornbosphorushotel.com\/tr\/wp-json\/wp\/v2\/comments?post=239"}],"version-history":[{"count":61,"href":"https:\/\/goldenhornbosphorushotel.com\/tr\/wp-json\/wp\/v2\/pages\/239\/revisions"}],"predecessor-version":[{"id":3293,"href":"https:\/\/goldenhornbosphorushotel.com\/tr\/wp-json\/wp\/v2\/pages\/239\/revisions\/3293"}],"wp:attachment":[{"href":"https:\/\/goldenhornbosphorushotel.com\/tr\/wp-json\/wp\/v2\/media?parent=239"}],"curies":[{"name":"wp","href":"https:\/\/api.w.org\/{rel}","templated":true}]}}